{"id":1134,"date":"2021-01-07T16:26:44","date_gmt":"2021-01-07T15:26:44","guid":{"rendered":"https:\/\/thelibratravels.com\/?page_id=1134"},"modified":"2021-01-09T15:13:08","modified_gmt":"2021-01-09T14:13:08","slug":"privacy-e-cookie-policy","status":"publish","type":"page","link":"https:\/\/thelibratravels.com\/index.php\/privacy-e-cookie-policy\/","title":{"rendered":"Privacy e cookie policy"},"content":{"rendered":"\n<p>La presente informativa \u00e8 resa esclusivamente agli utenti del sito https:\/\/www.thelibratravels.com&nbsp;ai sensi dell&#8217;<a href=\"http:\/\/www.garanteprivacy.it\/garante\/doc.jsp?ID=1311248#articolo13\" target=\"_blank\" rel=\"noreferrer noopener\">art. 13&nbsp;<\/a>del Regolamento Europeo 2016\/679 (d\u2019ora in avanti \u201cRegolamento\u201d) e della normativa vigente.<\/p>\n\n\n\n<p>Quando i visitatori lasciano commenti sul sito, raccogliamo i dati mostrati nel modulo dei commenti e anche l&#8217;indirizzo IP del visitatore e la stringa dello user agent del browser per aiutare il rilevamento dello spam. Una stringa anonima creata dal tuo indirizzo email (chiamato anche hash) pu\u00f2 essere fornita al servizio Gravatar per vedere se lo stai utilizzando. La privacy policy del servizio Gravatar \u00e8 disponibile al seguente link: https:\/\/automattic.com\/privacy\/. Dopo l&#8217;approvazione del tuo commento, la tua immagine del profilo sar\u00e0 visibile al pubblico contestualmente al tuo commento.<\/p>\n\n\n\n<p>Questo sito web utilizza cookie e tecnologie simili per garantire il corretto funzionamento delle procedure e migliorare l&#8217;esperienza di uso delle applicazioni e servizi online. Il presente documento fornisce informazioni dettagliate sull&#8217;uso dei cookie e di tecnologie similari, su come sono utilizzati da questo sito e su come gestirli.<\/p>\n\n\n\n<p>Il sito web, durante la navigazione, invia al computer o al dispositivo mobile del visitatore dei cookie. Questi consistono in file di testo che archiviano informazioni sull\u2019hard disk, device o sul browser del visitatore.<\/p>\n\n\n\n<p>Il sito utilizza cookie analitici e di terze parti al fine di garantire la normale navigazione e fruizione del sito web, raccogliere informazioni, in forma aggregata, sul numero degli utenti e su come questi visitano il sito stesso, permettere al visitatore la navigazione in funzione di una serie di criteri selezionati al fine di migliorare il servizio reso e la&nbsp;<em>user experience<\/em>.<\/p>\n\n\n\n<p>La maggior parte dei browser Internet accetta automaticamente i cookie. L\u2019uso dei cookie sul nostro sito \u00e8 facoltativo e il visitatore li pu\u00f2 disattivare in qualsiasi momento modificando le impostazioni del proprio browser di navigazione. La modifica delle impostazioni dei cookie sui browser potrebbe impedire di fruire in modo completo delle funzionalit\u00e0 del sito.<\/p>\n\n\n\n<p>A parte quanto specificato per i dati di navigazione, l&#8217;utente \u00e8 libero di fornire i dati personali. Tuttavia, il loro mancato conferimento, pu\u00f2 comportare l&#8217;impossibilit\u00e0 di ottenere quanto richiesto.<\/p>\n\n\n\n<p>Il sito&nbsp;https:\/\/www.thelibratravels.com&nbsp;pu\u00f2 contenere collegamenti ipertestuali (link) ad altri siti Internet. In tal caso, i titolari del trattamento non esercitano alcun controllo sui contenuti e su eventuali cookie di detti siti, pertanto, non assume alcuna responsabilit\u00e0 in merito ad essi. A tal proposito, si rimanda alle Informative Cookie relative ai singoli siti in link.<\/p>\n\n\n\n<p><strong>Basi giuridiche<\/strong><\/p>\n\n\n\n<p>Le basi giuridiche del trattamento per l\u2019utilizzo dei cookie analitici sono l\u2019esecuzione di un contratto di cui Lei \u00e8 parte (fruizione e utilizzo del sito) nonch\u00e9 il legittimo interesse dei soggetti scriventi di garantire la normale navigazione e fruizione del sito web.<\/p>\n\n\n\n<figure class=\"wp-block-table\"><table><tbody><tr><td><strong>Tipo<\/strong><\/td><td><strong>Nome del Cookie<\/strong><\/td><td><strong>Finalit\u00e0 Cookie<\/strong><\/td><td><strong>Conservazione del Cookie<\/strong><\/td><\/tr><tr><td>Cookie analitici tecnici di terza parte &#8211; Google Analytics<\/td><td>_gat_gtag_UA_<br>_ga;<br>_gid<\/td><td>Cookie analitici tecnici utilizzati per raccogliere informazioni, in forma aggregata, sul numero degli utenti e su come questi visitano il sito stesso e quindi elaborare statistiche generali sul servizio e sul suo utilizzo.<\/td><td>_gat_gtag_UA: scade a fine sessione _gid scade dopo 1 giorno;<br>_ga scade dopo 2 anni;<\/td><\/tr><tr><td>Cookie di terza parte&nbsp; &#8211; Spotify<\/td><td>Sp_landing Sp_t<\/td><td>Cookie di terza parte atto a garantire la funzionalit\u00e0 del plug-in Spotify integrato. Non comporta alcuna funzionalit\u00e0 cross-site.<\/td><td>Sp_landing scade dopo 1 giorno Sp_t scade dopo 1 giorno<\/td><\/tr><\/tbody><\/table><\/figure>\n\n\n\n<p><strong>Google Analytics<\/strong><\/p>\n\n\n\n<p>Il sito utilizza Google Analytics, un servizio di analisi del traffico web fornito da Google, Inc. (\u201cGoogle\u201d). Si tratta di cookie di terze parti raccolti e gestiti in modo anonimo per monitorare e migliorare le prestazioni del sito ospite (performance cookie).<\/p>\n\n\n\n<p>Google Analytics utilizza i &#8220;cookie&#8221; per raccogliere e analizzare in forma anonima le informazioni sui comportamenti di utilizzo del sito web (compreso l&#8217;indirizzo IP dell&#8217;utente). Tali informazioni vengono raccolte da Google Analytics, che le elabora allo scopo di redigere report riguardanti le attivit\u00e0 sul sito web stesso. Questa piattaforma non utilizza (e non consente a terzi di utilizzare) lo strumento di analisi di Google per monitorare o per raccogliere informazioni personali di identificazione. Google Analytics non associa l&#8217;indirizzo IP a nessun altro dato posseduto da Google n\u00e9 cerca di collegare un indirizzo IP con l&#8217;identit\u00e0 di un utente. Google pu\u00f2 anche comunicare queste informazioni a terzi ove ci\u00f2 sia imposto dalla legge o laddove tali terzi trattino le suddette informazioni per conto di Google.<\/p>\n\n\n\n<p>Per ulteriori informazioni, si rinvia al link di seguito indicato:<\/p>\n\n\n\n<p><a href=\"http:\/\/www.google.it\/intl\/it\/policies\/privacy\/\">http:\/\/www.google.it\/intl\/it\/policies\/privacy\/<\/a><\/p>\n\n\n\n<p>L&#8217;utente pu\u00f2 disabilitare in modo selettivo l&#8217;azione di Google Analytics installando sul proprio browser la componente di opt-out fornito da Google. Per disabilitare l&#8217;azione di Google Analytics, si rinvia al link di seguito indicato:<\/p>\n\n\n\n<p><a href=\"https:\/\/tools.google.com\/dlpage\/gaoptout\">https:\/\/tools.google.com\/dlpage\/gaoptout<\/a><\/p>\n\n\n\n<p><strong>Spotify<\/strong><\/p>\n\n\n\n<p>All\u2019interno di questo sito sono presenti cookie creati da Spotify in quanto vengono utilizzati specifici widget o pulsanti di Spotify.<\/p>\n\n\n\n<p>Per ulteriori informazioni, si rinvia al link di seguito indicato:<\/p>\n\n\n\n<p><a href=\"https:\/\/www.spotify.com\/it\/legal\/privacy-policy\/\">https:\/\/www.spotify.com\/it\/legal\/privacy-policy\/<\/a><\/p>\n\n\n\n<p><strong>Come gestire i cookie<\/strong><\/p>\n\n\n\n<p>L&#8217;utente pu\u00f2 decidere se accettare o meno i cookie utilizzando le impostazioni del proprio browser. Occorre tenere presente che la disabilitazione totale dei cookie pu\u00f2 compromettere l&#8217;utilizzo delle funzionalit\u00e0 del sito o rendere non accessibili o visualizzabili alcuni contenuti. Di seguito \u00e8 possibile accedere alle guide per la gestione dei cookie sui diversi browser:&nbsp;Chrome:&nbsp;<a href=\"https:\/\/support.google.com\/chrome\/answer\/95647?hl=it\" target=\"_blank\" rel=\"noreferrer noopener\"><strong>https:\/\/support.google.com\/chrome\/answer\/95647?hl=it<\/strong><\/a>&nbsp;Firefox:&nbsp;<a href=\"https:\/\/support.mozilla.org\/it\/kb\/Gestione%20dei%20cookie\" target=\"_blank\" rel=\"noreferrer noopener\"><strong>https:\/\/support.mozilla.org\/it\/kb\/Gestione%20dei%20cookie<\/strong><\/a>&nbsp;Internet Explorer:&nbsp;<a href=\"http:\/\/windows.microsoft.com\/it-it\/windows7\/how-to-manage-cookies-in-internet-explorer-9\" target=\"_blank\" rel=\"noreferrer noopener\"><strong>http:\/\/windows.microsoft.com\/it-it\/windows7\/how-to-manage-cookies-in-internet-explorer-9<\/strong><\/a>&nbsp;Microsoft Edge:&nbsp;<a href=\"https:\/\/privacy.microsoft.com\/it-it\/windows-10-microsoft-edge-and-privacy\"><strong>https:\/\/privacy.microsoft.com\/it-it\/windows-10-microsoft-edge-and-privacy<\/strong><\/a>&nbsp;Opera:&nbsp;<a href=\"http:\/\/help.opera.com\/Windows\/10.00\/it\/cookies.html\" target=\"_blank\" rel=\"noreferrer noopener\"><strong>http:\/\/help.opera.com\/Windows\/10.00\/it\/cookies.html<\/strong><\/a>&nbsp;Safari:&nbsp;<a href=\"http:\/\/support.apple.com\/kb\/HT1677?viewlocale=it_IT\" target=\"_blank\" rel=\"noreferrer noopener\"><strong>http:\/\/support.apple.com\/kb\/HT1677?viewlocale=it_IT<\/strong><\/a><\/p>\n\n\n\n<p>\u00c8 possibile inoltre avvalersi di strumenti online come&nbsp;<a href=\"http:\/\/www.youronlinechoices.com\/\" target=\"_blank\" rel=\"noreferrer noopener\"><strong>http:\/\/www.youronlinechoices.com\/<\/strong><\/a>&nbsp;che permette di gestire le preferenze di tracciamento per la maggior parte degli strumenti pubblicitari abilitando o disabilitando eventuali cookie in modo selettivo.<\/p>\n\n\n\n<p><strong>Comunicazione dei dati<\/strong><\/p>\n\n\n\n<p>Dei Dati potranno, altres\u00ec, venire a conoscenza i responsabili della cui opera i Titolari si avvalgono nell\u2019ambito dei rapporti di esternalizzazione per la fornitura di servizi, nonch\u00e9 delle persone autorizzate al trattamento dei dati personali sotto l\u2019autorit\u00e0 diretta dei titolari o del responsabile per le finalit\u00e0 di cui alla presente informativa.<\/p>\n\n\n\n<p>I dati non saranno comunicati o diffusi. Il trattamento non \u00e8 soggetto a processi decisionali automatizzati, inclusa la profilazione.<\/p>\n\n\n\n<p><strong>Diritti dell\u2019interessato<\/strong><\/p>\n\n\n\n<p>In relazione al trattamento dei dati, secondo quanto previsto dal Capo III del Regolamento, \u00e8 facolt\u00e0 dell\u2019interessato chiedere ai Titolari del trattamento l\u2019accesso ai dati personali, la rettifica, l\u2019integrazione o la cancellazione degli stessi o la limitazione del trattamento che lo riguardano o di opporsi al trattamento nonch\u00e9 proporre reclamo a un&#8217;autorit\u00e0 di controllo. In base al diritto alla portabilit\u00e0, nel caso in cui il trattamento sia basato sul contratto o sul consenso e sia effettuato con strumenti automatizzati, l\u2019interessato ha il diritto di ricevere in un formato strutturato, di uso comune e leggibile da dispositivo automatico i dati, nonch\u00e9 ha il diritto di trasmetterli ad altro titolare senza impedimenti, se tecnicamente fattibile.<\/p>\n\n\n\n<p>Per l\u2019esercizio di tali diritti contattare Benedetta Bernardi o Francesca De Matteis, al seguente recapito e-mail: thelibratravels@gmail.com.<\/p>\n\n\n\n<p><strong>Titolari del trattamento<\/strong><\/p>\n\n\n\n<p>I Titolari del trattamento sono Benedetta Bernardi e Francesca De Matteis, contattabili al seguente indirizzo di posta elettronica: thelibratravels@gmail.com.<\/p>\n","protected":false},"excerpt":{"rendered":"<p>La presente informativa \u00e8 resa esclusivamente agli utenti del sito https:\/\/www.thelibratravels.com&nbsp;ai sensi dell&#8217;art. 13&nbsp;del Regolamento Europeo 2016\/679 (d\u2019ora in avanti \u201cRegolamento\u201d) e della normativa vigente. Quando i visitatori lasciano commenti sul sito, raccogliamo i dati mostrati nel modulo dei commenti e anche l&#8217;indirizzo IP del visitatore e la stringa dello user agent del browser per [&hellip;]<\/p>\n","protected":false},"author":1,"featured_media":0,"parent":0,"menu_order":0,"comment_status":"closed","ping_status":"closed","template":"","meta":{"_mi_skip_tracking":false,"_monsterinsights_sitenote_active":false,"_monsterinsights_sitenote_note":"","_monsterinsights_sitenote_category":0},"yoast_head":"<!-- This site is optimized with the Yoast SEO plugin v17.7 - https:\/\/yoast.com\/wordpress\/plugins\/seo\/ -->\n<title>Privacy e cookie policy | The Libra Travels<\/title>\n<meta name=\"robots\" content=\"index, follow, max-snippet:-1, max-image-preview:large, max-video-preview:-1\" \/>\n<link rel=\"canonical\" href=\"https:\/\/thelibratravels.com\/index.php\/privacy-e-cookie-policy\/\" \/>\n<meta property=\"og:locale\" content=\"en_US\" \/>\n<meta property=\"og:type\" content=\"article\" \/>\n<meta property=\"og:title\" content=\"Privacy e cookie policy | The Libra Travels\" \/>\n<meta property=\"og:description\" content=\"La presente informativa \u00e8 resa esclusivamente agli utenti del sito https:\/\/www.thelibratravels.com&nbsp;ai sensi dell&#8217;art. 13&nbsp;del Regolamento Europeo 2016\/679 (d\u2019ora in avanti \u201cRegolamento\u201d) e della normativa vigente. Quando i visitatori lasciano commenti sul sito, raccogliamo i dati mostrati nel modulo dei commenti e anche l&#8217;indirizzo IP del visitatore e la stringa dello user agent del browser per [&hellip;]\" \/>\n<meta property=\"og:url\" content=\"https:\/\/thelibratravels.com\/index.php\/privacy-e-cookie-policy\/\" \/>\n<meta property=\"og:site_name\" content=\"The Libra Travels\" \/>\n<meta property=\"article:modified_time\" content=\"2021-01-09T14:13:08+00:00\" \/>\n<meta name=\"twitter:card\" content=\"summary_large_image\" \/>\n<meta name=\"twitter:label1\" content=\"Est. reading time\" \/>\n\t<meta name=\"twitter:data1\" content=\"6 minutes\" \/>\n<script type=\"application\/ld+json\" class=\"yoast-schema-graph\">{\"@context\":\"https:\/\/schema.org\",\"@graph\":[{\"@type\":\"Organization\",\"@id\":\"https:\/\/thelibratravels.com\/#organization\",\"name\":\"The Libra Travels\",\"url\":\"https:\/\/thelibratravels.com\/\",\"sameAs\":[],\"logo\":{\"@type\":\"ImageObject\",\"@id\":\"https:\/\/thelibratravels.com\/#logo\",\"inLanguage\":\"en-US\",\"url\":\"https:\/\/thelibratravels.com\/wp-content\/uploads\/2021\/03\/logo_orizzontale.jpg\",\"contentUrl\":\"https:\/\/thelibratravels.com\/wp-content\/uploads\/2021\/03\/logo_orizzontale.jpg\",\"width\":1260,\"height\":704,\"caption\":\"The Libra Travels\"},\"image\":{\"@id\":\"https:\/\/thelibratravels.com\/#logo\"}},{\"@type\":\"WebSite\",\"@id\":\"https:\/\/thelibratravels.com\/#website\",\"url\":\"https:\/\/thelibratravels.com\/\",\"name\":\"The Libra Travels\",\"description\":\"Inspiring stories\",\"publisher\":{\"@id\":\"https:\/\/thelibratravels.com\/#organization\"},\"potentialAction\":[{\"@type\":\"SearchAction\",\"target\":{\"@type\":\"EntryPoint\",\"urlTemplate\":\"https:\/\/thelibratravels.com\/?s={search_term_string}\"},\"query-input\":\"required name=search_term_string\"}],\"inLanguage\":\"en-US\"},{\"@type\":\"WebPage\",\"@id\":\"https:\/\/thelibratravels.com\/index.php\/privacy-e-cookie-policy\/#webpage\",\"url\":\"https:\/\/thelibratravels.com\/index.php\/privacy-e-cookie-policy\/\",\"name\":\"Privacy e cookie policy | The Libra Travels\",\"isPartOf\":{\"@id\":\"https:\/\/thelibratravels.com\/#website\"},\"datePublished\":\"2021-01-07T15:26:44+00:00\",\"dateModified\":\"2021-01-09T14:13:08+00:00\",\"breadcrumb\":{\"@id\":\"https:\/\/thelibratravels.com\/index.php\/privacy-e-cookie-policy\/#breadcrumb\"},\"inLanguage\":\"en-US\",\"potentialAction\":[{\"@type\":\"ReadAction\",\"target\":[\"https:\/\/thelibratravels.com\/index.php\/privacy-e-cookie-policy\/\"]}]},{\"@type\":\"BreadcrumbList\",\"@id\":\"https:\/\/thelibratravels.com\/index.php\/privacy-e-cookie-policy\/#breadcrumb\",\"itemListElement\":[{\"@type\":\"ListItem\",\"position\":1,\"name\":\"Home\",\"item\":\"https:\/\/thelibratravels.com\/\"},{\"@type\":\"ListItem\",\"position\":2,\"name\":\"Privacy e cookie policy\"}]}]}<\/script>\n<!-- \/ Yoast SEO plugin. -->","yoast_head_json":{"title":"Privacy e cookie policy | The Libra Travels","robots":{"index":"index","follow":"follow","max-snippet":"max-snippet:-1","max-image-preview":"max-image-preview:large","max-video-preview":"max-video-preview:-1"},"canonical":"https:\/\/thelibratravels.com\/index.php\/privacy-e-cookie-policy\/","og_locale":"en_US","og_type":"article","og_title":"Privacy e cookie policy | The Libra Travels","og_description":"La presente informativa \u00e8 resa esclusivamente agli utenti del sito https:\/\/www.thelibratravels.com&nbsp;ai sensi dell&#8217;art. 13&nbsp;del Regolamento Europeo 2016\/679 (d\u2019ora in avanti \u201cRegolamento\u201d) e della normativa vigente. Quando i visitatori lasciano commenti sul sito, raccogliamo i dati mostrati nel modulo dei commenti e anche l&#8217;indirizzo IP del visitatore e la stringa dello user agent del browser per [&hellip;]","og_url":"https:\/\/thelibratravels.com\/index.php\/privacy-e-cookie-policy\/","og_site_name":"The Libra Travels","article_modified_time":"2021-01-09T14:13:08+00:00","twitter_card":"summary_large_image","twitter_misc":{"Est. reading time":"6 minutes"},"schema":{"@context":"https:\/\/schema.org","@graph":[{"@type":"Organization","@id":"https:\/\/thelibratravels.com\/#organization","name":"The Libra Travels","url":"https:\/\/thelibratravels.com\/","sameAs":[],"logo":{"@type":"ImageObject","@id":"https:\/\/thelibratravels.com\/#logo","inLanguage":"en-US","url":"https:\/\/thelibratravels.com\/wp-content\/uploads\/2021\/03\/logo_orizzontale.jpg","contentUrl":"https:\/\/thelibratravels.com\/wp-content\/uploads\/2021\/03\/logo_orizzontale.jpg","width":1260,"height":704,"caption":"The Libra Travels"},"image":{"@id":"https:\/\/thelibratravels.com\/#logo"}},{"@type":"WebSite","@id":"https:\/\/thelibratravels.com\/#website","url":"https:\/\/thelibratravels.com\/","name":"The Libra Travels","description":"Inspiring stories","publisher":{"@id":"https:\/\/thelibratravels.com\/#organization"},"potentialAction":[{"@type":"SearchAction","target":{"@type":"EntryPoint","urlTemplate":"https:\/\/thelibratravels.com\/?s={search_term_string}"},"query-input":"required name=search_term_string"}],"inLanguage":"en-US"},{"@type":"WebPage","@id":"https:\/\/thelibratravels.com\/index.php\/privacy-e-cookie-policy\/#webpage","url":"https:\/\/thelibratravels.com\/index.php\/privacy-e-cookie-policy\/","name":"Privacy e cookie policy | The Libra Travels","isPartOf":{"@id":"https:\/\/thelibratravels.com\/#website"},"datePublished":"2021-01-07T15:26:44+00:00","dateModified":"2021-01-09T14:13:08+00:00","breadcrumb":{"@id":"https:\/\/thelibratravels.com\/index.php\/privacy-e-cookie-policy\/#breadcrumb"},"inLanguage":"en-US","potentialAction":[{"@type":"ReadAction","target":["https:\/\/thelibratravels.com\/index.php\/privacy-e-cookie-policy\/"]}]},{"@type":"BreadcrumbList","@id":"https:\/\/thelibratravels.com\/index.php\/privacy-e-cookie-policy\/#breadcrumb","itemListElement":[{"@type":"ListItem","position":1,"name":"Home","item":"https:\/\/thelibratravels.com\/"},{"@type":"ListItem","position":2,"name":"Privacy e cookie policy"}]}]}},"_links":{"self":[{"href":"https:\/\/thelibratravels.com\/index.php\/wp-json\/wp\/v2\/pages\/1134"}],"collection":[{"href":"https:\/\/thelibratravels.com\/index.php\/wp-json\/wp\/v2\/pages"}],"about":[{"href":"https:\/\/thelibratravels.com\/index.php\/wp-json\/wp\/v2\/types\/page"}],"author":[{"embeddable":true,"href":"https:\/\/thelibratravels.com\/index.php\/wp-json\/wp\/v2\/users\/1"}],"replies":[{"embeddable":true,"href":"https:\/\/thelibratravels.com\/index.php\/wp-json\/wp\/v2\/comments?post=1134"}],"version-history":[{"count":2,"href":"https:\/\/thelibratravels.com\/index.php\/wp-json\/wp\/v2\/pages\/1134\/revisions"}],"predecessor-version":[{"id":1161,"href":"https:\/\/thelibratravels.com\/index.php\/wp-json\/wp\/v2\/pages\/1134\/revisions\/1161"}],"wp:attachment":[{"href":"https:\/\/thelibratravels.com\/index.php\/wp-json\/wp\/v2\/media?parent=1134"}],"curies":[{"name":"wp","href":"https:\/\/api.w.org\/{rel}","templated":true}]}}